{"id":608,"date":"2023-09-23T00:20:22","date_gmt":"2023-09-22T22:20:22","guid":{"rendered":"https:\/\/www.sonetre.fr\/?page_id=608"},"modified":"2025-02-10T22:07:34","modified_gmt":"2025-02-10T21:07:34","slug":"evenement","status":"publish","type":"page","link":"https:\/\/www.sonetre.fr\/index.php\/evenement\/","title":{"rendered":"\u00c9v\u00e8nements"},"content":{"rendered":"\n<p>&nbsp;L&rsquo;association Son \u00catre vous propose des ateliers yoga et voyage sonore au Dojo Damo Yuan \u00e0 Bordeaux Les Chartrons.  Venez comme vous \u00eates, d\u00e9butant, pratiquant novice ou avanc\u00e9, chacun&nbsp;trouvera le voyage qui lui convient.&nbsp;<\/p>\n\n\n\n<div class=\"wp-block-media-text is-stacked-on-mobile\" style=\"grid-template-columns:85% auto\"><figure class=\"wp-block-media-text__media\"><img loading=\"lazy\" decoding=\"async\" width=\"723\" height=\"1024\" src=\"https:\/\/www.sonetre.fr\/wp-content\/uploads\/2025\/02\/Composition5-723x1024.jpg\" alt=\"\" class=\"wp-image-715 size-full\" srcset=\"https:\/\/www.sonetre.fr\/wp-content\/uploads\/2025\/02\/Composition5-723x1024.jpg 723w, https:\/\/www.sonetre.fr\/wp-content\/uploads\/2025\/02\/Composition5-212x300.jpg 212w, https:\/\/www.sonetre.fr\/wp-content\/uploads\/2025\/02\/Composition5-768x1088.jpg 768w, https:\/\/www.sonetre.fr\/wp-content\/uploads\/2025\/02\/Composition5.jpg 793w\" sizes=\"auto, (max-width: 723px) 100vw, 723px\" \/><\/figure><div class=\"wp-block-media-text__content\">\n<p><\/p>\n<\/div><\/div>\n\n\n\n<p><\/p>\n\n\n\n<h2 class=\"wp-block-heading\">\u00c9v\u00e8nement pass\u00e9<\/h2>\n\n\n<div class=\"wp-block-image\">\n<figure class=\"aligncenter size-large\"><img loading=\"lazy\" decoding=\"async\" width=\"723\" height=\"1024\" src=\"https:\/\/www.sonetre.fr\/wp-content\/uploads\/2024\/01\/Atelier_bols_web-723x1024.jpg\" alt=\"\" class=\"wp-image-669\" srcset=\"https:\/\/www.sonetre.fr\/wp-content\/uploads\/2024\/01\/Atelier_bols_web-723x1024.jpg 723w, https:\/\/www.sonetre.fr\/wp-content\/uploads\/2024\/01\/Atelier_bols_web-212x300.jpg 212w, https:\/\/www.sonetre.fr\/wp-content\/uploads\/2024\/01\/Atelier_bols_web-768x1088.jpg 768w, https:\/\/www.sonetre.fr\/wp-content\/uploads\/2024\/01\/Atelier_bols_web.jpg 793w\" sizes=\"auto, (max-width: 723px) 100vw, 723px\" \/><\/figure>\n<\/div>\n\n\n<p><\/p>\n\n\n<div class=\"wp-block-image\">\n<figure class=\"aligncenter size-large\"><a href=\"https:\/\/www.sonetre.fr\/wp-content\/uploads\/2023\/09\/page02-scaled.jpg\" target=\"_blank\" rel=\"noreferrer noopener\"><img loading=\"lazy\" decoding=\"async\" width=\"711\" height=\"1024\" src=\"https:\/\/www.sonetre.fr\/wp-content\/uploads\/2023\/09\/page02-711x1024.jpg\" alt=\"\" class=\"wp-image-609\" srcset=\"https:\/\/www.sonetre.fr\/wp-content\/uploads\/2023\/09\/page02-711x1024.jpg 711w, https:\/\/www.sonetre.fr\/wp-content\/uploads\/2023\/09\/page02-208x300.jpg 208w, https:\/\/www.sonetre.fr\/wp-content\/uploads\/2023\/09\/page02-768x1106.jpg 768w, https:\/\/www.sonetre.fr\/wp-content\/uploads\/2023\/09\/page02-1067x1536.jpg 1067w, https:\/\/www.sonetre.fr\/wp-content\/uploads\/2023\/09\/page02-1422x2048.jpg 1422w, https:\/\/www.sonetre.fr\/wp-content\/uploads\/2023\/09\/page02-scaled.jpg 1778w\" sizes=\"auto, (max-width: 711px) 100vw, 711px\" \/><\/a><\/figure>\n<\/div>\n\n\n<div style=\"height:50px\" aria-hidden=\"true\" class=\"wp-block-spacer\"><\/div>\n\n\n\n<div class=\"wp-block-buttons is-content-justification-center is-layout-flex wp-container-core-buttons-is-layout-16018d1d wp-block-buttons-is-layout-flex\">\n<div class=\"wp-block-button\"><a class=\"wp-block-button__link has-text-align-center wp-element-button\" href=\"https:\/\/www.sonetre.fr\/index.php\/contact#form\">Contactez-nous<\/a><\/div>\n<\/div>\n\n\n\n<div style=\"height:50px\" aria-hidden=\"true\" class=\"wp-block-spacer\"><\/div>\n","protected":false},"excerpt":{"rendered":"<p>&nbsp;L&rsquo;association Son \u00catre vous propose des ateliers yoga et voyage sonore au Dojo Damo Yuan \u00e0 Bordeaux Les Chartrons. Venez comme vous \u00eates, d\u00e9butant, pratiquant novice ou avanc\u00e9, chacun&nbsp;trouvera le voyage qui lui convient.&nbsp; \u00c9v\u00e8nement pass\u00e9<\/p>\n","protected":false},"author":1,"featured_media":0,"parent":0,"menu_order":0,"comment_status":"closed","ping_status":"closed","template":"","meta":{"_themeisle_gutenberg_block_has_review":false,"footnotes":""},"class_list":["post-608","page","type-page","status-publish","hentry"],"yoast_head":"<!-- This site is optimized with the Yoast SEO plugin v20.6 - https:\/\/yoast.com\/wordpress\/plugins\/seo\/ -->\n<title>\u00c9v\u00e8nements - Son \u00catre<\/title>\n<meta name=\"robots\" content=\"index, follow, max-snippet:-1, max-image-preview:large, max-video-preview:-1\" \/>\n<link rel=\"canonical\" href=\"https:\/\/www.sonetre.fr\/index.php\/evenement\/\" \/>\n<meta property=\"og:locale\" content=\"fr_FR\" \/>\n<meta property=\"og:type\" content=\"article\" \/>\n<meta property=\"og:title\" content=\"\u00c9v\u00e8nements - Son \u00catre\" \/>\n<meta property=\"og:description\" content=\"&nbsp;L&rsquo;association Son \u00catre vous propose des ateliers yoga et voyage sonore au Dojo Damo Yuan \u00e0 Bordeaux Les Chartrons. Venez comme vous \u00eates, d\u00e9butant, pratiquant novice ou avanc\u00e9, chacun&nbsp;trouvera le voyage qui lui convient.&nbsp; \u00c9v\u00e8nement pass\u00e9\" \/>\n<meta property=\"og:url\" content=\"https:\/\/www.sonetre.fr\/index.php\/evenement\/\" \/>\n<meta property=\"og:site_name\" content=\"Son \u00catre\" \/>\n<meta property=\"article:modified_time\" content=\"2025-02-10T21:07:34+00:00\" \/>\n<meta property=\"og:image\" content=\"https:\/\/www.sonetre.fr\/wp-content\/uploads\/2025\/02\/Composition5-723x1024.jpg\" \/>\n<meta name=\"twitter:card\" content=\"summary_large_image\" \/>\n<meta name=\"twitter:label1\" content=\"Dur\u00e9e de lecture estim\u00e9e\" \/>\n\t<meta name=\"twitter:data1\" content=\"1 minute\" \/>\n<script type=\"application\/ld+json\" class=\"yoast-schema-graph\">{\"@context\":\"https:\/\/schema.org\",\"@graph\":[{\"@type\":\"WebPage\",\"@id\":\"https:\/\/www.sonetre.fr\/index.php\/evenement\/\",\"url\":\"https:\/\/www.sonetre.fr\/index.php\/evenement\/\",\"name\":\"\u00c9v\u00e8nements - Son \u00catre\",\"isPartOf\":{\"@id\":\"https:\/\/www.sonetre.fr\/#website\"},\"datePublished\":\"2023-09-22T22:20:22+00:00\",\"dateModified\":\"2025-02-10T21:07:34+00:00\",\"breadcrumb\":{\"@id\":\"https:\/\/www.sonetre.fr\/index.php\/evenement\/#breadcrumb\"},\"inLanguage\":\"fr-FR\",\"potentialAction\":[{\"@type\":\"ReadAction\",\"target\":[\"https:\/\/www.sonetre.fr\/index.php\/evenement\/\"]}]},{\"@type\":\"BreadcrumbList\",\"@id\":\"https:\/\/www.sonetre.fr\/index.php\/evenement\/#breadcrumb\",\"itemListElement\":[{\"@type\":\"ListItem\",\"position\":1,\"name\":\"Accueil\",\"item\":\"https:\/\/www.sonetre.fr\/\"},{\"@type\":\"ListItem\",\"position\":2,\"name\":\"\u00c9v\u00e8nements\"}]},{\"@type\":\"WebSite\",\"@id\":\"https:\/\/www.sonetre.fr\/#website\",\"url\":\"https:\/\/www.sonetre.fr\/\",\"name\":\"Son \u00catre\",\"description\":\"Kundalini Yoga &amp; Voyages sonores aux bols Tibetains et au gong\",\"publisher\":{\"@id\":\"https:\/\/www.sonetre.fr\/#organization\"},\"potentialAction\":[{\"@type\":\"SearchAction\",\"target\":{\"@type\":\"EntryPoint\",\"urlTemplate\":\"https:\/\/www.sonetre.fr\/?s={search_term_string}\"},\"query-input\":\"required name=search_term_string\"}],\"inLanguage\":\"fr-FR\"},{\"@type\":\"Organization\",\"@id\":\"https:\/\/www.sonetre.fr\/#organization\",\"name\":\"Son \u00catre\",\"url\":\"https:\/\/www.sonetre.fr\/\",\"logo\":{\"@type\":\"ImageObject\",\"inLanguage\":\"fr-FR\",\"@id\":\"https:\/\/www.sonetre.fr\/#\/schema\/logo\/image\/\",\"url\":\"https:\/\/www.sonetre.fr\/wp-content\/uploads\/2023\/04\/logo_sonetre.png\",\"contentUrl\":\"https:\/\/www.sonetre.fr\/wp-content\/uploads\/2023\/04\/logo_sonetre.png\",\"width\":500,\"height\":500,\"caption\":\"Son \u00catre\"},\"image\":{\"@id\":\"https:\/\/www.sonetre.fr\/#\/schema\/logo\/image\/\"}}]}<\/script>\n<!-- \/ Yoast SEO plugin. -->","yoast_head_json":{"title":"\u00c9v\u00e8nements - Son \u00catre","robots":{"index":"index","follow":"follow","max-snippet":"max-snippet:-1","max-image-preview":"max-image-preview:large","max-video-preview":"max-video-preview:-1"},"canonical":"https:\/\/www.sonetre.fr\/index.php\/evenement\/","og_locale":"fr_FR","og_type":"article","og_title":"\u00c9v\u00e8nements - Son \u00catre","og_description":"&nbsp;L&rsquo;association Son \u00catre vous propose des ateliers yoga et voyage sonore au Dojo Damo Yuan \u00e0 Bordeaux Les Chartrons. Venez comme vous \u00eates, d\u00e9butant, pratiquant novice ou avanc\u00e9, chacun&nbsp;trouvera le voyage qui lui convient.&nbsp; \u00c9v\u00e8nement pass\u00e9","og_url":"https:\/\/www.sonetre.fr\/index.php\/evenement\/","og_site_name":"Son \u00catre","article_modified_time":"2025-02-10T21:07:34+00:00","og_image":[{"url":"https:\/\/www.sonetre.fr\/wp-content\/uploads\/2025\/02\/Composition5-723x1024.jpg"}],"twitter_card":"summary_large_image","twitter_misc":{"Dur\u00e9e de lecture estim\u00e9e":"1 minute"},"schema":{"@context":"https:\/\/schema.org","@graph":[{"@type":"WebPage","@id":"https:\/\/www.sonetre.fr\/index.php\/evenement\/","url":"https:\/\/www.sonetre.fr\/index.php\/evenement\/","name":"\u00c9v\u00e8nements - Son \u00catre","isPartOf":{"@id":"https:\/\/www.sonetre.fr\/#website"},"datePublished":"2023-09-22T22:20:22+00:00","dateModified":"2025-02-10T21:07:34+00:00","breadcrumb":{"@id":"https:\/\/www.sonetre.fr\/index.php\/evenement\/#breadcrumb"},"inLanguage":"fr-FR","potentialAction":[{"@type":"ReadAction","target":["https:\/\/www.sonetre.fr\/index.php\/evenement\/"]}]},{"@type":"BreadcrumbList","@id":"https:\/\/www.sonetre.fr\/index.php\/evenement\/#breadcrumb","itemListElement":[{"@type":"ListItem","position":1,"name":"Accueil","item":"https:\/\/www.sonetre.fr\/"},{"@type":"ListItem","position":2,"name":"\u00c9v\u00e8nements"}]},{"@type":"WebSite","@id":"https:\/\/www.sonetre.fr\/#website","url":"https:\/\/www.sonetre.fr\/","name":"Son \u00catre","description":"Kundalini Yoga &amp; Voyages sonores aux bols Tibetains et au gong","publisher":{"@id":"https:\/\/www.sonetre.fr\/#organization"},"potentialAction":[{"@type":"SearchAction","target":{"@type":"EntryPoint","urlTemplate":"https:\/\/www.sonetre.fr\/?s={search_term_string}"},"query-input":"required name=search_term_string"}],"inLanguage":"fr-FR"},{"@type":"Organization","@id":"https:\/\/www.sonetre.fr\/#organization","name":"Son \u00catre","url":"https:\/\/www.sonetre.fr\/","logo":{"@type":"ImageObject","inLanguage":"fr-FR","@id":"https:\/\/www.sonetre.fr\/#\/schema\/logo\/image\/","url":"https:\/\/www.sonetre.fr\/wp-content\/uploads\/2023\/04\/logo_sonetre.png","contentUrl":"https:\/\/www.sonetre.fr\/wp-content\/uploads\/2023\/04\/logo_sonetre.png","width":500,"height":500,"caption":"Son \u00catre"},"image":{"@id":"https:\/\/www.sonetre.fr\/#\/schema\/logo\/image\/"}}]}},"_links":{"self":[{"href":"https:\/\/www.sonetre.fr\/index.php\/wp-json\/wp\/v2\/pages\/608","targetHints":{"allow":["GET"]}}],"collection":[{"href":"https:\/\/www.sonetre.fr\/index.php\/wp-json\/wp\/v2\/pages"}],"about":[{"href":"https:\/\/www.sonetre.fr\/index.php\/wp-json\/wp\/v2\/types\/page"}],"author":[{"embeddable":true,"href":"https:\/\/www.sonetre.fr\/index.php\/wp-json\/wp\/v2\/users\/1"}],"replies":[{"embeddable":true,"href":"https:\/\/www.sonetre.fr\/index.php\/wp-json\/wp\/v2\/comments?post=608"}],"version-history":[{"count":13,"href":"https:\/\/www.sonetre.fr\/index.php\/wp-json\/wp\/v2\/pages\/608\/revisions"}],"predecessor-version":[{"id":717,"href":"https:\/\/www.sonetre.fr\/index.php\/wp-json\/wp\/v2\/pages\/608\/revisions\/717"}],"wp:attachment":[{"href":"https:\/\/www.sonetre.fr\/index.php\/wp-json\/wp\/v2\/media?parent=608"}],"curies":[{"name":"wp","href":"https:\/\/api.w.org\/{rel}","templated":true}]}}